{"id":1175,"date":"2024-07-05T23:54:40","date_gmt":"2024-07-06T05:54:40","guid":{"rendered":"https:\/\/co.cindu.com\/?page_id=1175"},"modified":"2024-10-28T18:53:02","modified_gmt":"2024-10-29T00:53:02","slug":"terminos-y-condiciones","status":"publish","type":"page","link":"https:\/\/co.cindu.com\/en\/terminos-y-condiciones\/","title":{"rendered":"T\u00c9RMINOS Y CONDICIONES"},"content":{"rendered":"<div data-elementor-type=\"wp-page\" data-elementor-id=\"1175\" class=\"elementor elementor-1175\" data-elementor-post-type=\"page\">\n\t\t\t\t<div class=\"elementor-element elementor-element-655bde9 e-flex e-con-boxed e-con e-parent\" data-id=\"655bde9\" data-element_type=\"container\" data-e-type=\"container\">\n\t\t\t\t\t<div class=\"e-con-inner\">\n\t\t\t\t<div class=\"elementor-element elementor-element-a614abe elementor-widget elementor-widget-heading\" data-id=\"a614abe\" data-element_type=\"widget\" data-e-type=\"widget\" data-widget_type=\"heading.default\">\n\t\t\t\t<div class=\"elementor-widget-container\">\n\t\t\t\t\t<h2 class=\"elementor-heading-title elementor-size-default\">T\u00c9RMINOS Y CONDICIONES\n<\/h2>\t\t\t\t<\/div>\n\t\t\t\t<\/div>\n\t\t\t\t<div class=\"elementor-element elementor-element-24c0f6d elementor-widget elementor-widget-text-editor\" data-id=\"24c0f6d\" data-element_type=\"widget\" data-e-type=\"widget\" data-widget_type=\"text-editor.default\">\n\t\t\t\t<div class=\"elementor-widget-container\">\n\t\t\t\t\t\t\t\t\t<p><strong>TERMINOS Y CONDICIONES DEL SITIO<\/strong><\/p><p>Bienvenidos al sitio web de CINDU ANDINA SAS. Al ingresar a esta p\u00e1gina, Ud. reconoce que ha le\u00eddo los presentes T\u00e9rminos y Condiciones y acepta y se compromete a cumplirlos. No debe usar este sitio si tiene objeciones sobre dichos T\u00e9rminos y Condiciones.<\/p><p>1.- Legislaci\u00f3n aplicable.<br \/>El presente sitio web ser\u00e1 regido por la Ley Federal de Protecci\u00f3n de Datos Personales en Posesi\u00f3n de los Particulares, su Reglamento y dem\u00e1s normatividad aplicable en la materia.<br \/>En consecuencia, toda la informaci\u00f3n contenida en el mismo corresponde a productos y servicios prestados dentro de los Estados Unidos Mexicanos.<\/p><p>2.- Propiedad Intelectual<br \/>CINDU ANDINA\u00a0es propietaria de los derechos de autor (copyright) de este sitio y tiene el derecho de uso exclusivo de la marca CINDU y de comercializar todos los productos producidos y comercializados bajo dicha marca. En consecuencia, no se podr\u00e1 utilizar ni hacer copias de la marca o material publicitario y contenido de la p\u00e1gina, sin la autorizaci\u00f3n expresa de CINDU ANDINA\u00a0dada por escrito. Se proh\u00edbe estrictamente el uso indebido de cualquier de las Marcas que identifiquen a productos comercializados por CINDU ANDINA\u00a0.<\/p><p>3.- Limitaciones de responsabilidad.<br \/>Usted comprende, reconoce y acepta los riesgos de uso de la p\u00e1gina, incluido el uso del software y los servicios ofrecidos a trav\u00e9s de este sitio, corren por su cuenta. Usted reconoce que CINDU ANDINA\u00a0no garantiza en forma alguna que este sitio est\u00e9 libre de virus, \u201cbugs\u201d, o c\u00f3digos de car\u00e1cter contaminante y destructivo. LA COMPA\u00d1\u00cdA no ser\u00e1 responsable de da\u00f1os y perjuicios que se le pudiesen causar al usuario por el uso de este sitio.<\/p><p>4.- Datos personales recabados:<br \/>Al usar esta p\u00e1gina Usted acepta que CINDU ANDINA\u00a0recabe la siguiente informaci\u00f3n:<\/p><p>1. Datos de Identificaci\u00f3n<br \/>2. Datos de Contacto<br \/>3. Datos de navegaci\u00f3n y dispositivos, como direcci\u00f3n IP, ubicaci\u00f3n geogr\u00e1fica, tipo de navegador, tipo de sistema, contenido y p\u00e1ginas visitadas.<\/p><p>Podemos recabar estas categor\u00edas de datos personales de manera directa o indirecta; por lo que nuestro Aviso de Privacidad siempre ser\u00e1 puesto a su disposici\u00f3n para su consulta, en cualquier momento que usted as\u00ed lo requiera o solicite. CINDU ANDINA\u00a0no trata, ni solicita datos personales sensibles.<\/p><p>Si usted proporciona datos de identificaci\u00f3n y de contacto de terceras personas para finalidades de atenci\u00f3n al cliente o informaci\u00f3n comercial, deber\u00e1 informarles sobre la existencia del tratamiento de sus datos personales y el contenido de este Aviso de Privacidad.<\/p><p>Cuando usted proporciona datos personales de terceros manifiesta con su entrega que cuenta con el consentimiento de sus titulares para proporcionar su informaci\u00f3n a CINDU ANDINA.<\/p><p>CINDU M\u00c9XICO no solicita datos personales de menores de edad a trav\u00e9s de formularios o cuestionarios. Si a pesar de lo anterior, usted proporciona datos personales de menores de edad, o estos los proporcionan directamente a CINDU M\u00c9XICO, entenderemos que sus padres o tutores han consentido la entrega de dichos datos.<\/p><p>5.- Uso de datos personales<br \/>Al ingresar a la p\u00e1gina Usted acepta que CINDU ANDINA\u00a0utilice sus datos personales para las siguientes\u00a0<strong>FINALIDADES PRIMARIAS<\/strong>:<\/p><p><strong>a.<\/strong>\u00a0Para ofrecerle los productos y servicios que ponemos a su disposici\u00f3n a trav\u00e9s de nuestras redes sociales y sitio web.<br \/><strong>b.<\/strong>\u00a0Contactarle para proporcionarle informaci\u00f3n sobre los servicios y productos que ponemos a su disposici\u00f3n, cuando as\u00ed lo solicite en nuestra p\u00e1gina web, v\u00eda telef\u00f3nica, correo electr\u00f3nico, o bien, a trav\u00e9s de mensajer\u00eda instant\u00e1nea de texto.<br \/><strong>c.<\/strong>\u00a0Dar seguimiento a quejas, sugerencias, denuncias, dudas y\/o aclaraciones.<br \/><strong>d.<\/strong>\u00a0Gestionar su alta correspondiente en nuestros canales de comunicaci\u00f3n como newsletters o boletines y, comunicar a usted, la publicaci\u00f3n de nuevo contenido en dichos canales.<br \/><strong>e.<\/strong>\u00a0Control y administraci\u00f3n sobre el alta y gesti\u00f3n de nuestra relaci\u00f3n con clientes.<br \/><strong>f.<\/strong>\u00a0An\u00e1lisis de datos mediante el uso de tecnolog\u00edas de anal\u00edtica, inteligencia artificial y\/o big data, con el objeto de evaluar el uso de nuestros servicios en l\u00ednea, mejorar sus presentaciones y\/o corregir errores.<br \/><strong>g.<\/strong>\u00a0Para cumplir obligaciones y requerimientos judiciales o administrativos, incluyendo la entrega de informaci\u00f3n sobre fraudes o suplantaciones de identidad.<br \/><strong>h.<\/strong>\u00a0Archivo de informaci\u00f3n sobre el uso de nuestros servicios para el cumplimiento de las disposiciones legales aplicables, incluyendo la defensa de los intereses de CINDU ANDINA\u00a0ante instancias judiciales o administrativas.<\/p><p>De manera adicional, si usted no ha manifestado su oposici\u00f3n, CINDU ANDINA\u00a0podr\u00e1 tratar sus datos personales para las siguientes\u00a0<strong>FINALIDADES SECUNDARIAS<\/strong>:<\/p><p><strong>a.<\/strong>\u00a0Env\u00edo de comunicaciones comerciales, publicitarias, promocionales e informativas, as\u00ed como ofertas personalizadas basadas en sus intereses y antecedentes de consumo, relacionadas con los servicios y productos que comercializa CINDU ANDINA, o marcas de nuestros socios comerciales. Tales comunicaciones incluyen el env\u00edo de correos electr\u00f3nicos, SMS, llamadas telef\u00f3nicas, y otras formas de comunicaci\u00f3n electr\u00f3nica o postal.<br \/><strong>b.<\/strong>\u00a0Levantamiento de encuestas de satisfacci\u00f3n, h\u00e1bitos de consumo y\/o estudios para mejora de nuestros servicios.<br \/><strong>c.<\/strong>\u00a0Env\u00edo de invitaciones para eventos, ferias, exhibiciones, presentaciones, concursos, capacitaciones, promociones u otro tipo de actividades organizadas o patrocinadas por CINDU ANDINA.<br \/><strong>d.<\/strong>\u00a0Generaci\u00f3n de perfiles de usuarios, mediante el uso de tecnolog\u00eda anal\u00edtica o big data.<\/p><p>CINDU ANDINA\u00a0podr\u00e1 compartir su informaci\u00f3n (llevar a cabo transferencias de datos personales), en los siguientes casos y para las finalidades indicadas:<\/p><p><strong>1. Hacia nuestras empresas afiliadas o subsidiarias<\/strong>\u00a0de CINDU ANDINA, con finalidades de resguardo centralizado de la informaci\u00f3n o archivo de informaci\u00f3n sobre el uso de nuestros servicios.<br \/><strong>2. Autoridades judiciales o administrativas<\/strong>, para el cumplimiento de obligaciones legales de informaci\u00f3n o de requerimientos de informaci\u00f3n debidamente fundados y motivados en la normatividad que aplique.<\/p><p>6.- Modificaci\u00f3n de los T\u00e9rminos y Condiciones.<br \/>CINDU M\u00c9XICO podr\u00e1 modificar los T\u00e9rminos y Condiciones antes se\u00f1alados y cualquier reingreso al Sitio se entender\u00e1 que Usted ha le\u00eddo y aceptado los mismos con sus modificaciones.<\/p><p><b>ventas@cinducolombia.com<\/b><br \/><b>https:\/\/co.cindu.com\/<\/b><\/p><p><strong>Calle 10 a # 41 b -14 Bogot\u00e1, Colombia<\/strong><\/p>\t\t\t\t\t\t\t\t<\/div>\n\t\t\t\t<\/div>\n\t\t\t\t\t<\/div>\n\t\t\t\t<\/div>\n\t\t\t\t<\/div>","protected":false},"excerpt":{"rendered":"<p>T\u00c9RMINOS Y CONDICIONES TERMINOS Y CONDICIONES DEL SITIO Bienvenidos al sitio web de CINDU ANDINA SAS. Al ingresar a esta p\u00e1gina, Ud. reconoce que ha le\u00eddo los presentes T\u00e9rminos y Condiciones y acepta y se compromete a cumplirlos. No debe usar este sitio si tiene objeciones sobre dichos T\u00e9rminos y Condiciones. 1.- Legislaci\u00f3n aplicable.El presente [&hellip;]<\/p>\n","protected":false},"author":1,"featured_media":469,"parent":0,"menu_order":0,"comment_status":"closed","ping_status":"open","template":"","meta":{"footnotes":""},"class_list":["post-1175","page","type-page","status-publish","has-post-thumbnail","hentry"],"_links":{"self":[{"href":"https:\/\/co.cindu.com\/en\/wp-json\/wp\/v2\/pages\/1175","targetHints":{"allow":["GET"]}}],"collection":[{"href":"https:\/\/co.cindu.com\/en\/wp-json\/wp\/v2\/pages"}],"about":[{"href":"https:\/\/co.cindu.com\/en\/wp-json\/wp\/v2\/types\/page"}],"author":[{"embeddable":true,"href":"https:\/\/co.cindu.com\/en\/wp-json\/wp\/v2\/users\/1"}],"replies":[{"embeddable":true,"href":"https:\/\/co.cindu.com\/en\/wp-json\/wp\/v2\/comments?post=1175"}],"version-history":[{"count":6,"href":"https:\/\/co.cindu.com\/en\/wp-json\/wp\/v2\/pages\/1175\/revisions"}],"predecessor-version":[{"id":3027,"href":"https:\/\/co.cindu.com\/en\/wp-json\/wp\/v2\/pages\/1175\/revisions\/3027"}],"wp:featuredmedia":[{"embeddable":true,"href":"https:\/\/co.cindu.com\/en\/wp-json\/wp\/v2\/media\/469"}],"wp:attachment":[{"href":"https:\/\/co.cindu.com\/en\/wp-json\/wp\/v2\/media?parent=1175"}],"curies":[{"name":"wp","href":"https:\/\/api.w.org\/{rel}","templated":true}]}}